{"id":181,"date":"2024-10-03T11:53:42","date_gmt":"2024-10-03T11:53:42","guid":{"rendered":"https:\/\/casamarela.pt\/?page_id=181"},"modified":"2025-10-24T16:25:36","modified_gmt":"2025-10-24T16:25:36","slug":"health-spa","status":"publish","type":"page","link":"https:\/\/casamarela.pt\/en\/health-spa\/","title":{"rendered":"Health &#038; Spa"},"content":{"rendered":"<div data-elementor-type=\"wp-page\" data-elementor-id=\"181\" class=\"elementor elementor-181\" data-elementor-post-type=\"page\">\n\t\t\t\t<div class=\"elementor-element elementor-element-fae46fb e-con-full e-flex wpr-particle-no wpr-jarallax-no wpr-parallax-no wpr-sticky-section-no e-con e-parent\" data-id=\"fae46fb\" data-element_type=\"container\" data-settings=\"{&quot;background_background&quot;:&quot;classic&quot;}\">\n\t\t\t\t<\/div>\n\t\t<div class=\"elementor-element elementor-element-fc283dc e-con-full e-flex wpr-particle-no wpr-jarallax-no wpr-parallax-no wpr-sticky-section-no e-con e-parent\" data-id=\"fc283dc\" data-element_type=\"container\">\n\t\t<div class=\"elementor-element elementor-element-e09fa70 e-con-full e-flex wpr-particle-no wpr-jarallax-no wpr-parallax-no wpr-sticky-section-no e-con e-child\" data-id=\"e09fa70\" data-element_type=\"container\">\n\t\t\t\t<div class=\"elementor-element elementor-element-7a071cc elementor-widget elementor-widget-text-editor\" data-id=\"7a071cc\" data-element_type=\"widget\" data-widget_type=\"text-editor.default\">\n\t\t\t\t<div class=\"elementor-widget-container\">\n\t\t\t\t\t\t\t\t\t<p>Inspired by the tranquility of Alentejo,<\/p><p>Casa Amarela\u2019s Spa is an invitation to pause,<\/p><p>to self-care and inner harmony.<\/p>\t\t\t\t\t\t\t\t<\/div>\n\t\t\t\t<\/div>\n\t\t\t\t<\/div>\n\t\t\t\t<\/div>\n\t\t<div class=\"elementor-element elementor-element-31842ae e-con-full e-flex wpr-particle-no wpr-jarallax-no wpr-parallax-no wpr-sticky-section-no e-con e-parent\" data-id=\"31842ae\" data-element_type=\"container\">\n\t\t<div class=\"elementor-element elementor-element-507f3d9 e-con-full e-flex wpr-particle-no wpr-jarallax-no wpr-parallax-no wpr-sticky-section-no e-con e-child\" data-id=\"507f3d9\" data-element_type=\"container\">\n\t\t\t\t<div class=\"elementor-element elementor-element-86451ee elementor-widget elementor-widget-image\" data-id=\"86451ee\" data-element_type=\"widget\" data-widget_type=\"image.default\">\n\t\t\t\t<div class=\"elementor-widget-container\">\n\t\t\t\t\t\t\t\t\t\t\t\t\t\t\t<img fetchpriority=\"high\" decoding=\"async\" width=\"731\" height=\"1024\" src=\"http:\/\/casamarela.pt\/wp-content\/uploads\/2025\/10\/casa_marela_spa-731x1024.jpg\" class=\"attachment-large size-large wp-image-1512\" alt=\"\" srcset=\"http:\/\/casamarela.pt\/wp-content\/uploads\/2025\/10\/casa_marela_spa-731x1024.jpg 731w, http:\/\/casamarela.pt\/wp-content\/uploads\/2025\/10\/casa_marela_spa-214x300.jpg 214w, http:\/\/casamarela.pt\/wp-content\/uploads\/2025\/10\/casa_marela_spa-768x1076.jpg 768w, http:\/\/casamarela.pt\/wp-content\/uploads\/2025\/10\/casa_marela_spa-1097x1536.jpg 1097w, http:\/\/casamarela.pt\/wp-content\/uploads\/2025\/10\/casa_marela_spa-1462x2048.jpg 1462w, http:\/\/casamarela.pt\/wp-content\/uploads\/2025\/10\/casa_marela_spa-9x12.jpg 9w, http:\/\/casamarela.pt\/wp-content\/uploads\/2025\/10\/casa_marela_spa-scaled.jpg 1828w\" sizes=\"(max-width: 731px) 100vw, 731px\" \/>\t\t\t\t\t\t\t\t\t\t\t\t\t\t\t<\/div>\n\t\t\t\t<\/div>\n\t\t\t\t<\/div>\n\t\t<div class=\"elementor-element elementor-element-2f10f89 e-con-full e-flex wpr-particle-no wpr-jarallax-no wpr-parallax-no wpr-sticky-section-no e-con e-child\" data-id=\"2f10f89\" data-element_type=\"container\">\n\t\t\t\t<div class=\"elementor-element elementor-element-f3a3a26 elementor-hidden-mobile elementor-widget elementor-widget-image\" data-id=\"f3a3a26\" data-element_type=\"widget\" data-widget_type=\"image.default\">\n\t\t\t\t<div class=\"elementor-widget-container\">\n\t\t\t\t\t\t\t\t\t\t\t\t\t\t\t<img decoding=\"async\" width=\"800\" height=\"1004\" src=\"http:\/\/casamarela.pt\/wp-content\/uploads\/2025\/10\/casamarela-3-816x1024.png\" class=\"attachment-large size-large wp-image-1516\" alt=\"\" srcset=\"http:\/\/casamarela.pt\/wp-content\/uploads\/2025\/10\/casamarela-3-816x1024.png 816w, http:\/\/casamarela.pt\/wp-content\/uploads\/2025\/10\/casamarela-3-239x300.png 239w, http:\/\/casamarela.pt\/wp-content\/uploads\/2025\/10\/casamarela-3-768x964.png 768w, http:\/\/casamarela.pt\/wp-content\/uploads\/2025\/10\/casamarela-3-1224x1536.png 1224w, http:\/\/casamarela.pt\/wp-content\/uploads\/2025\/10\/casamarela-3-1632x2048.png 1632w, http:\/\/casamarela.pt\/wp-content\/uploads\/2025\/10\/casamarela-3-10x12.png 10w, http:\/\/casamarela.pt\/wp-content\/uploads\/2025\/10\/casamarela-3.png 2040w\" sizes=\"(max-width: 800px) 100vw, 800px\" \/>\t\t\t\t\t\t\t\t\t\t\t\t\t\t\t<\/div>\n\t\t\t\t<\/div>\n\t\t\t\t<div class=\"elementor-element elementor-element-ec6b457 elementor-widget elementor-widget-text-editor\" data-id=\"ec6b457\" data-element_type=\"widget\" data-widget_type=\"text-editor.default\">\n\t\t\t\t<div class=\"elementor-widget-container\">\n\t\t\t\t\t\t\t\t\t<p>At Casa Amarela\u2019s Spa, every moment is designed to provide wellness, relaxation, and revitalization. We offer experiences that combine therapeutic massages, body rituals, and beauty treatments, all performed by skilled professionals. The space blends modern comfort with historical details, creating a serene and welcoming environment, perfect for recharging your energy and caring for both body and mind. Every visit is thoughtfully planned to make your experience unforgettable, turning the simple act of relaxing into a true sensory journey.<\/p>\t\t\t\t\t\t\t\t<\/div>\n\t\t\t\t<\/div>\n\t\t\t\t<\/div>\n\t\t\t\t<\/div>\n\t\t<div class=\"elementor-element elementor-element-cc3282d e-con-full e-flex wpr-particle-no wpr-jarallax-no wpr-parallax-no wpr-sticky-section-no e-con e-parent\" data-id=\"cc3282d\" data-element_type=\"container\" data-settings=\"{&quot;background_background&quot;:&quot;classic&quot;}\">\n\t\t\t\t<div class=\"elementor-element elementor-element-89d6c9f elementor-widget elementor-widget-heading\" data-id=\"89d6c9f\" data-element_type=\"widget\" data-widget_type=\"heading.default\">\n\t\t\t\t<div class=\"elementor-widget-container\">\n\t\t\t\t\t<h2 class=\"elementor-heading-title elementor-size-default\">HEALTH &amp; SPA SERVICES<\/h2>\t\t\t\t<\/div>\n\t\t\t\t<\/div>\n\t\t\t\t<\/div>\n\t\t<div class=\"elementor-element elementor-element-57917b0 e-con-full e-flex wpr-particle-no wpr-jarallax-no wpr-parallax-no wpr-sticky-section-no e-con e-parent\" data-id=\"57917b0\" data-element_type=\"container\" data-settings=\"{&quot;background_background&quot;:&quot;classic&quot;}\">\n\t\t<div class=\"elementor-element elementor-element-a0189d5 e-con-full e-flex wpr-particle-no wpr-jarallax-no wpr-parallax-no wpr-sticky-section-no e-con e-child\" data-id=\"a0189d5\" data-element_type=\"container\">\n\t\t\t\t<div class=\"elementor-element elementor-element-d0f21a4 elementor-widget elementor-widget-heading\" data-id=\"d0f21a4\" data-element_type=\"widget\" data-widget_type=\"heading.default\">\n\t\t\t\t<div class=\"elementor-widget-container\">\n\t\t\t\t\t<h2 class=\"elementor-heading-title elementor-size-default\">SOOTHING WARMTH<\/h2>\t\t\t\t<\/div>\n\t\t\t\t<\/div>\n\t\t\t\t<div class=\"elementor-element elementor-element-4eec2a7 elementor-widget elementor-widget-text-editor\" data-id=\"4eec2a7\" data-element_type=\"widget\" data-widget_type=\"text-editor.default\">\n\t\t\t\t<div class=\"elementor-widget-container\">\n\t\t\t\t\t\t\t\t\t<p>Let the stress of the day melt away with our hot stone massage. A deep touch that relaxes muscles, warms the body, and soothes the mind.<\/p>\t\t\t\t\t\t\t\t<\/div>\n\t\t\t\t<\/div>\n\t\t\t\t<\/div>\n\t\t<div class=\"elementor-element elementor-element-08bf232 e-con-full e-flex wpr-particle-no wpr-jarallax-no wpr-parallax-no wpr-sticky-section-no e-con e-child\" data-id=\"08bf232\" data-element_type=\"container\">\n\t\t\t\t<div class=\"elementor-element elementor-element-8797598 elementor-widget elementor-widget-heading\" data-id=\"8797598\" data-element_type=\"widget\" data-widget_type=\"heading.default\">\n\t\t\t\t<div class=\"elementor-widget-container\">\n\t\t\t\t\t<h2 class=\"elementor-heading-title elementor-size-default\">Touch of Nature<\/h2>\t\t\t\t<\/div>\n\t\t\t\t<\/div>\n\t\t\t\t<div class=\"elementor-element elementor-element-01887f1 elementor-widget elementor-widget-text-editor\" data-id=\"01887f1\" data-element_type=\"widget\" data-widget_type=\"text-editor.default\">\n\t\t\t\t<div class=\"elementor-widget-container\">\n\t\t\t\t\t\t\t\t\t<p>Experience the harmony of an essential oil massage, designed to awaken the senses and bring serenity to both body and mind.<\/p>\t\t\t\t\t\t\t\t<\/div>\n\t\t\t\t<\/div>\n\t\t\t\t<\/div>\n\t\t<div class=\"elementor-element elementor-element-63d7bfc e-con-full e-flex wpr-particle-no wpr-jarallax-no wpr-parallax-no wpr-sticky-section-no e-con e-child\" data-id=\"63d7bfc\" data-element_type=\"container\">\n\t\t\t\t<div class=\"elementor-element elementor-element-7bf1663 elementor-widget elementor-widget-heading\" data-id=\"7bf1663\" data-element_type=\"widget\" data-widget_type=\"heading.default\">\n\t\t\t\t<div class=\"elementor-widget-container\">\n\t\t\t\t\t<h2 class=\"elementor-heading-title elementor-size-default\">Renewal Ritual<\/h2>\t\t\t\t<\/div>\n\t\t\t\t<\/div>\n\t\t\t\t<div class=\"elementor-element elementor-element-eefd09e elementor-widget elementor-widget-text-editor\" data-id=\"eefd09e\" data-element_type=\"widget\" data-widget_type=\"text-editor.default\">\n\t\t\t\t<div class=\"elementor-widget-container\">\n\t\t\t\t\t\t\t\t\t<p>A complete experience that revitalizes, hydrates, and renews. Perfect for restoring energy and well-being, leaving a feeling of total lightness.<\/p>\t\t\t\t\t\t\t\t<\/div>\n\t\t\t\t<\/div>\n\t\t\t\t<\/div>\n\t\t\t\t<\/div>\n\t\t<div class=\"elementor-element elementor-element-37ae174 e-flex e-con-boxed wpr-particle-no wpr-jarallax-no wpr-parallax-no wpr-sticky-section-no e-con e-parent\" data-id=\"37ae174\" data-element_type=\"container\" data-settings=\"{&quot;background_background&quot;:&quot;classic&quot;}\">\n\t\t\t\t\t<div class=\"e-con-inner\">\n\t\t<div class=\"elementor-element elementor-element-200b1df e-con-full e-flex wpr-particle-no wpr-jarallax-no wpr-parallax-no wpr-sticky-section-no e-con e-child\" data-id=\"200b1df\" data-element_type=\"container\">\n\t\t\t\t<div class=\"elementor-element elementor-element-abb3ac6 elementor-widget elementor-widget-heading\" data-id=\"abb3ac6\" data-element_type=\"widget\" data-widget_type=\"heading.default\">\n\t\t\t\t<div class=\"elementor-widget-container\">\n\t\t\t\t\t<h2 class=\"elementor-heading-title elementor-size-default\">HAVE QUESTIONS?<br>Contact us <br>and we\u2019ll take care of it<\/h2>\t\t\t\t<\/div>\n\t\t\t\t<\/div>\n\t\t\t\t<\/div>\n\t\t<div class=\"elementor-element elementor-element-3ce5645 e-con-full e-flex wpr-particle-no wpr-jarallax-no wpr-parallax-no wpr-sticky-section-no e-con e-child\" data-id=\"3ce5645\" data-element_type=\"container\">\n\t\t\t\t<div class=\"elementor-element elementor-element-c981348 elementor-widget elementor-widget-spacer\" data-id=\"c981348\" data-element_type=\"widget\" data-widget_type=\"spacer.default\">\n\t\t\t\t<div class=\"elementor-widget-container\">\n\t\t\t\t\t\t\t<div class=\"elementor-spacer\">\n\t\t\t<div class=\"elementor-spacer-inner\"><\/div>\n\t\t<\/div>\n\t\t\t\t\t\t<\/div>\n\t\t\t\t<\/div>\n\t\t\t\t<div class=\"elementor-element elementor-element-3812e9b elementor-align-left elementor-widget elementor-widget-button\" data-id=\"3812e9b\" data-element_type=\"widget\" data-widget_type=\"button.default\">\n\t\t\t\t<div class=\"elementor-widget-container\">\n\t\t\t\t\t\t\t\t\t<div class=\"elementor-button-wrapper\">\n\t\t\t\t\t<a class=\"elementor-button elementor-button-link elementor-size-sm\" href=\"http:\/\/casamarela.pt\/wp-content\/uploads\/2025\/10\/MENU-MASSAGENS-1.pdf\" target=\"_blank\">\n\t\t\t\t\t\t<span class=\"elementor-button-content-wrapper\">\n\t\t\t\t\t\t\t\t\t<span class=\"elementor-button-text\">MASSAGE MENU<\/span>\n\t\t\t\t\t<\/span>\n\t\t\t\t\t<\/a>\n\t\t\t\t<\/div>\n\t\t\t\t\t\t\t\t<\/div>\n\t\t\t\t<\/div>\n\t\t\t\t<\/div>\n\t\t\t\t\t<\/div>\n\t\t\t\t<\/div>\n\t\t<div class=\"elementor-element elementor-element-b4a5b22 e-flex e-con-boxed wpr-particle-no wpr-jarallax-no wpr-parallax-no wpr-sticky-section-no e-con e-parent\" data-id=\"b4a5b22\" data-element_type=\"container\">\n\t\t\t\t\t<div class=\"e-con-inner\">\n\t\t<div class=\"elementor-element elementor-element-4044d6f e-con-full e-flex wpr-particle-no wpr-jarallax-no wpr-parallax-no wpr-sticky-section-no e-con e-child\" data-id=\"4044d6f\" data-element_type=\"container\" data-settings=\"{&quot;position&quot;:&quot;fixed&quot;}\">\n\t\t\t\t<div class=\"elementor-element elementor-element-3fdcfcb elementor-widget elementor-widget-html\" data-id=\"3fdcfcb\" data-element_type=\"widget\" data-widget_type=\"html.default\">\n\t\t\t\t<div class=\"elementor-widget-container\">\n\t\t\t\t\t<!-- Bot\u00e3o de Ouvir -->\r\n<button id=\"btn-ouvir\">\r\n  \ud83d\udd0a\r\n<\/button>\r\n\r\n<!-- Script ResponsiveVoice -->\r\n<script src=\"https:\/\/code.responsivevoice.org\/responsivevoice.js?key=YOUR_UNIQUE_KEY\"><\/script>\r\n<script>\r\n  document.getElementById('btn-ouvir').onclick = function() {\r\n    responsiveVoice.speak(document.body.innerText, 'Portuguese Female');\r\n  };\r\n<\/script>\r\n\r\n<!-- Estilos do bot\u00e3o -->\r\n<style>\r\n  #btn-ouvir {\r\n    font-family: 'Montserrat', sans-serif;\r\n    font-size: 16px;\r\n    background-color: #333333;\r\n    color: #ffffff;\r\n    border: none;\r\n    border-radius: 100px;\r\n    padding: 12px 25px;\r\n    cursor: pointer;\r\n    transition: background-color 0.3s;\r\n  }\r\n\r\n  #btn-ouvir:hover {\r\n    background-color: #555555;\r\n  }\r\n<\/style>\r\n\r\n\t\t\t\t<\/div>\n\t\t\t\t<\/div>\n\t\t\t\t<\/div>\n\t\t\t\t\t<\/div>\n\t\t\t\t<\/div>\n\t\t\t\t<\/div>","protected":false},"excerpt":{"rendered":"<p>Helth &amp; Spa TERRA\u00c7O Lorem Ipsum\u00a0is simply dummy text of the printing and typesetting industry. Lorem Ipsum has been the industry&#8217;s standard dummy text ever since the 1500s, when an unknown printer took a galley of type and scrambled it to make a type specimen book.\u00a0 VER TODOS CONTACTO Lorem Ipsum\u00a0is simply dummy text of the printing and typesetting industry. Lorem Ipsum has been the industry&#8217;s standard dummy text ever since the 1500s, when an unknown printer took a galley of type and scrambled it to make a type specimen book.\u00a0 Lorem Ipsum\u00a0is simply dummy text of the printing and typesetting industry. Lorem Ipsum has been the industry&#8217;s standard dummy text ever since the 1500s, when an unknown printer took a galley of type and scrambled it to make a type specimen book.\u00a0 SERVI\u00c7OS DO HELTH &amp; SPA MELHOR PRE\u00c7O GARANTIDO Lorem Ipsum\u00a0is simply dummy text of the printing and typesetting industry. Lorem Ipsum has been the industry&#8217;s standard dummy text ever since the 1500s, when an unknown printer took a galley of type and scrambled it to make a type specimen book. It has survived not only five centuries, but also the leap into electronic typesetting, remaining essentially unchanged. It was popularised in the 1960s with the release of Letraset sheets containing Lorem Ipsum passages, and more recently with desktop publishing software like Aldus PageMaker including versions of Lorem Ipsum. CHECK-OUT TARDIO Lorem Ipsum\u00a0is simply dummy text of the printing and typesetting industry. Lorem Ipsum has been the industry&#8217;s standard dummy text ever since the 1500s, when an unknown printer took a galley of type and scrambled it to make a type specimen book. It has survived not only five centuries, but also the leap into electronic typesetting, remaining essentially unchanged. It was popularised in the 1960s with the release of Letraset sheets containing Lorem Ipsum passages, and more recently with desktop publishing software like Aldus PageMaker including versions of Lorem Ipsum. PRIORIDADE SPA Lorem Ipsum\u00a0is simply dummy text of the printing and typesetting industry. Lorem Ipsum has been the industry&#8217;s standard dummy text ever since the 1500s, when an unknown printer took a galley of type and scrambled it to make a type specimen book. It has survived not only five centuries, but also the leap into electronic typesetting, remaining essentially unchanged. It was popularised in the 1960s with the release of Letraset sheets containing Lorem Ipsum passages, and more recently with desktop publishing software like Aldus PageMaker including versions of Lorem Ipsum. TEM DUVIDAS?Contacte-nos e resolvemos Lorem Ipsum\u00a0is simply dummy text of the printing and typesetting industry. Lorem Ipsum has been the industry&#8217;s standard dummy text ever since the 1500s, when an unknown printer took a galley of type and scrambled it to make a type specimen book. It has survived not only five centuries, but also the leap into electronic typesetting, remaining essentially unchanged. It was popularised in the 1960s with the release of Letraset sheets containing Lorem Ipsum passages, and more recently with desktop publishing software like Aldus PageMaker including versions of Lorem Ipsum.<\/p>","protected":false},"author":1,"featured_media":1207,"parent":0,"menu_order":0,"comment_status":"closed","ping_status":"closed","template":"elementor_header_footer","meta":{"footnotes":""},"class_list":["post-181","page","type-page","status-publish","has-post-thumbnail","hentry"],"yoast_head":"<!-- This site is optimized with the Yoast SEO plugin v26.3 - https:\/\/yoast.com\/wordpress\/plugins\/seo\/ -->\n<title>Casa Amarela Health &amp; Spa - Spa<\/title>\n<meta name=\"description\" content=\"Inspirado pela tranquilidade do Alentejo, o Spa da Casa Amarela \u00e9 um convite \u00e0 pausa, ao cuidado e \u00e0 harmonia interior.\" \/>\n<meta name=\"robots\" content=\"index, follow, max-snippet:-1, max-image-preview:large, max-video-preview:-1\" \/>\n<link rel=\"canonical\" href=\"https:\/\/casamarela.pt\/en\/health-spa\/\" \/>\n<meta property=\"og:locale\" content=\"en_US\" \/>\n<meta property=\"og:type\" content=\"article\" \/>\n<meta property=\"og:title\" content=\"Casa Amarela Health &amp; Spa - Spa\" \/>\n<meta property=\"og:description\" content=\"Inspirado pela tranquilidade do Alentejo, o Spa da Casa Amarela \u00e9 um convite \u00e0 pausa, ao cuidado e \u00e0 harmonia interior.\" \/>\n<meta property=\"og:url\" content=\"https:\/\/casamarela.pt\/en\/health-spa\/\" \/>\n<meta property=\"og:site_name\" content=\"Casamarela\" \/>\n<meta property=\"article:modified_time\" content=\"2025-10-24T16:25:36+00:00\" \/>\n<meta property=\"og:image\" content=\"https:\/\/casamarela.pt\/wp-content\/uploads\/2025\/10\/experiencias_Prancheta-1-min-scaled.jpg\" \/>\n\t<meta property=\"og:image:width\" content=\"2040\" \/>\n\t<meta property=\"og:image:height\" content=\"2560\" \/>\n\t<meta property=\"og:image:type\" content=\"image\/jpeg\" \/>\n<meta name=\"twitter:card\" content=\"summary_large_image\" \/>\n<meta name=\"twitter:label1\" content=\"Est. reading time\" \/>\n\t<meta name=\"twitter:data1\" content=\"2 minutes\" \/>\n<script type=\"application\/ld+json\" class=\"yoast-schema-graph\">{\"@context\":\"https:\/\/schema.org\",\"@graph\":[{\"@type\":\"WebPage\",\"@id\":\"https:\/\/casamarela.pt\/health-spa\/\",\"url\":\"https:\/\/casamarela.pt\/health-spa\/\",\"name\":\"Casa Amarela Health & Spa - Spa\",\"isPartOf\":{\"@id\":\"http:\/\/casamarela.pt\/#website\"},\"primaryImageOfPage\":{\"@id\":\"https:\/\/casamarela.pt\/health-spa\/#primaryimage\"},\"image\":{\"@id\":\"https:\/\/casamarela.pt\/health-spa\/#primaryimage\"},\"thumbnailUrl\":\"https:\/\/casamarela.pt\/wp-content\/uploads\/2025\/10\/experiencias_Prancheta-1-min-scaled.jpg\",\"datePublished\":\"2024-10-03T11:53:42+00:00\",\"dateModified\":\"2025-10-24T16:25:36+00:00\",\"description\":\"Inspirado pela tranquilidade do Alentejo, o Spa da Casa Amarela \u00e9 um convite \u00e0 pausa, ao cuidado e \u00e0 harmonia interior.\",\"breadcrumb\":{\"@id\":\"https:\/\/casamarela.pt\/health-spa\/#breadcrumb\"},\"inLanguage\":\"en-US\",\"potentialAction\":[{\"@type\":\"ReadAction\",\"target\":[\"https:\/\/casamarela.pt\/health-spa\/\"]}]},{\"@type\":\"ImageObject\",\"inLanguage\":\"en-US\",\"@id\":\"https:\/\/casamarela.pt\/health-spa\/#primaryimage\",\"url\":\"https:\/\/casamarela.pt\/wp-content\/uploads\/2025\/10\/experiencias_Prancheta-1-min-scaled.jpg\",\"contentUrl\":\"https:\/\/casamarela.pt\/wp-content\/uploads\/2025\/10\/experiencias_Prancheta-1-min-scaled.jpg\",\"width\":2040,\"height\":2560,\"caption\":\"Casa amarela\"},{\"@type\":\"BreadcrumbList\",\"@id\":\"https:\/\/casamarela.pt\/health-spa\/#breadcrumb\",\"itemListElement\":[{\"@type\":\"ListItem\",\"position\":1,\"name\":\"In\u00edcio\",\"item\":\"http:\/\/casamarela.pt\/\"},{\"@type\":\"ListItem\",\"position\":2,\"name\":\"Health &#038; Spa\"}]},{\"@type\":\"WebSite\",\"@id\":\"http:\/\/casamarela.pt\/#website\",\"url\":\"http:\/\/casamarela.pt\/\",\"name\":\"Casa\u00b4marela\",\"description\":\"Health &amp; Spa\",\"publisher\":{\"@id\":\"http:\/\/casamarela.pt\/#organization\"},\"potentialAction\":[{\"@type\":\"SearchAction\",\"target\":{\"@type\":\"EntryPoint\",\"urlTemplate\":\"http:\/\/casamarela.pt\/?s={search_term_string}\"},\"query-input\":{\"@type\":\"PropertyValueSpecification\",\"valueRequired\":true,\"valueName\":\"search_term_string\"}}],\"inLanguage\":\"en-US\"},{\"@type\":\"Organization\",\"@id\":\"http:\/\/casamarela.pt\/#organization\",\"name\":\"Casa\u00b4marela\",\"url\":\"http:\/\/casamarela.pt\/\",\"logo\":{\"@type\":\"ImageObject\",\"inLanguage\":\"en-US\",\"@id\":\"http:\/\/casamarela.pt\/#\/schema\/logo\/image\/\",\"url\":\"http:\/\/casamarela.pt\/wp-content\/uploads\/2025\/03\/gruponorma.png\",\"contentUrl\":\"http:\/\/casamarela.pt\/wp-content\/uploads\/2025\/03\/gruponorma.png\",\"width\":12501,\"height\":3842,\"caption\":\"Casa\u00b4marela\"},\"image\":{\"@id\":\"http:\/\/casamarela.pt\/#\/schema\/logo\/image\/\"}}]}<\/script>\n<!-- \/ Yoast SEO plugin. -->","yoast_head_json":{"title":"Casa Amarela Health & Spa - Spa","description":"Inspirado pela tranquilidade do Alentejo, o Spa da Casa Amarela \u00e9 um convite \u00e0 pausa, ao cuidado e \u00e0 harmonia interior.","robots":{"index":"index","follow":"follow","max-snippet":"max-snippet:-1","max-image-preview":"max-image-preview:large","max-video-preview":"max-video-preview:-1"},"canonical":"https:\/\/casamarela.pt\/en\/health-spa\/","og_locale":"en_US","og_type":"article","og_title":"Casa Amarela Health & Spa - Spa","og_description":"Inspirado pela tranquilidade do Alentejo, o Spa da Casa Amarela \u00e9 um convite \u00e0 pausa, ao cuidado e \u00e0 harmonia interior.","og_url":"https:\/\/casamarela.pt\/en\/health-spa\/","og_site_name":"Casamarela","article_modified_time":"2025-10-24T16:25:36+00:00","og_image":[{"width":2040,"height":2560,"url":"https:\/\/casamarela.pt\/wp-content\/uploads\/2025\/10\/experiencias_Prancheta-1-min-scaled.jpg","type":"image\/jpeg"}],"twitter_card":"summary_large_image","twitter_misc":{"Est. reading time":"2 minutes"},"schema":{"@context":"https:\/\/schema.org","@graph":[{"@type":"WebPage","@id":"https:\/\/casamarela.pt\/health-spa\/","url":"https:\/\/casamarela.pt\/health-spa\/","name":"Casa Amarela Health & Spa - Spa","isPartOf":{"@id":"http:\/\/casamarela.pt\/#website"},"primaryImageOfPage":{"@id":"https:\/\/casamarela.pt\/health-spa\/#primaryimage"},"image":{"@id":"https:\/\/casamarela.pt\/health-spa\/#primaryimage"},"thumbnailUrl":"https:\/\/casamarela.pt\/wp-content\/uploads\/2025\/10\/experiencias_Prancheta-1-min-scaled.jpg","datePublished":"2024-10-03T11:53:42+00:00","dateModified":"2025-10-24T16:25:36+00:00","description":"Inspirado pela tranquilidade do Alentejo, o Spa da Casa Amarela \u00e9 um convite \u00e0 pausa, ao cuidado e \u00e0 harmonia interior.","breadcrumb":{"@id":"https:\/\/casamarela.pt\/health-spa\/#breadcrumb"},"inLanguage":"en-US","potentialAction":[{"@type":"ReadAction","target":["https:\/\/casamarela.pt\/health-spa\/"]}]},{"@type":"ImageObject","inLanguage":"en-US","@id":"https:\/\/casamarela.pt\/health-spa\/#primaryimage","url":"https:\/\/casamarela.pt\/wp-content\/uploads\/2025\/10\/experiencias_Prancheta-1-min-scaled.jpg","contentUrl":"https:\/\/casamarela.pt\/wp-content\/uploads\/2025\/10\/experiencias_Prancheta-1-min-scaled.jpg","width":2040,"height":2560,"caption":"Casa amarela"},{"@type":"BreadcrumbList","@id":"https:\/\/casamarela.pt\/health-spa\/#breadcrumb","itemListElement":[{"@type":"ListItem","position":1,"name":"In\u00edcio","item":"http:\/\/casamarela.pt\/"},{"@type":"ListItem","position":2,"name":"Health &#038; Spa"}]},{"@type":"WebSite","@id":"http:\/\/casamarela.pt\/#website","url":"http:\/\/casamarela.pt\/","name":"Casa\u00b4marela","description":"Health &amp; Spa","publisher":{"@id":"http:\/\/casamarela.pt\/#organization"},"potentialAction":[{"@type":"SearchAction","target":{"@type":"EntryPoint","urlTemplate":"http:\/\/casamarela.pt\/?s={search_term_string}"},"query-input":{"@type":"PropertyValueSpecification","valueRequired":true,"valueName":"search_term_string"}}],"inLanguage":"en-US"},{"@type":"Organization","@id":"http:\/\/casamarela.pt\/#organization","name":"Casa\u00b4marela","url":"http:\/\/casamarela.pt\/","logo":{"@type":"ImageObject","inLanguage":"en-US","@id":"http:\/\/casamarela.pt\/#\/schema\/logo\/image\/","url":"http:\/\/casamarela.pt\/wp-content\/uploads\/2025\/03\/gruponorma.png","contentUrl":"http:\/\/casamarela.pt\/wp-content\/uploads\/2025\/03\/gruponorma.png","width":12501,"height":3842,"caption":"Casa\u00b4marela"},"image":{"@id":"http:\/\/casamarela.pt\/#\/schema\/logo\/image\/"}}]}},"acf":[],"_links":{"self":[{"href":"https:\/\/casamarela.pt\/en\/wp-json\/wp\/v2\/pages\/181","targetHints":{"allow":["GET"]}}],"collection":[{"href":"https:\/\/casamarela.pt\/en\/wp-json\/wp\/v2\/pages"}],"about":[{"href":"https:\/\/casamarela.pt\/en\/wp-json\/wp\/v2\/types\/page"}],"author":[{"embeddable":true,"href":"https:\/\/casamarela.pt\/en\/wp-json\/wp\/v2\/users\/1"}],"replies":[{"embeddable":true,"href":"https:\/\/casamarela.pt\/en\/wp-json\/wp\/v2\/comments?post=181"}],"version-history":[{"count":58,"href":"https:\/\/casamarela.pt\/en\/wp-json\/wp\/v2\/pages\/181\/revisions"}],"predecessor-version":[{"id":1762,"href":"https:\/\/casamarela.pt\/en\/wp-json\/wp\/v2\/pages\/181\/revisions\/1762"}],"wp:featuredmedia":[{"embeddable":true,"href":"https:\/\/casamarela.pt\/en\/wp-json\/wp\/v2\/media\/1207"}],"wp:attachment":[{"href":"https:\/\/casamarela.pt\/en\/wp-json\/wp\/v2\/media?parent=181"}],"curies":[{"name":"wp","href":"https:\/\/api.w.org\/{rel}","templated":true}]}}